{"id":34,"date":"2016-11-10T01:14:27","date_gmt":"2016-11-10T01:14:27","guid":{"rendered":"http:\/\/realdelmonteproductora.com\/clarian\/?page_id=34"},"modified":"2019-07-17T22:31:32","modified_gmt":"2019-07-17T22:31:32","slug":"inicio","status":"publish","type":"page","link":"https:\/\/envasesclarian.com\/clarian\/","title":{"rendered":"Inicio"},"content":{"rendered":"<p>\t\t\t\t<img src=\"http:\/\/envasesclarian.com\/clarian\/wp-content\/uploads\/2016\/11\/logo2.png\" alt=\"logo2\" itemprop=\"image\" title=\"logo2\" onerror=\"this.style.display='none'\"  \/><\/p>\n<h1>\n\t\tENVASES CLARIAN<br \/>\n\t<\/h1>\n<h2><!--\n\t-->LA MEJOR SOLUCI\u00d3N PARA TU<!--\t-->PRODUCTONEGOCIO EMPRESAMARCA<!--\n\t--><br \/>\n\t<\/h2>\n<p>\t\t\t\t<img src=\"http:\/\/envasesclarian.com\/clarian\/wp-content\/uploads\/2016\/11\/botellasDecoradosSlow.gif\" alt=\"botellasDecoradosSlow\" itemprop=\"image\" title=\"botellasDecoradosSlow\" onerror=\"this.style.display='none'\"  \/><\/p>\n<h2>\n\t\t\t\tEnvases Clarian<br \/>\n\t\t\t<\/h2>\n<h6>LA MEJOR CARTA DE PRESENTACI\u00d3N PARA TU PRODUCTO<\/h6>\n<h3>Conoce nuestros productos y servicios<\/h3>\n<p>Sabemos lo importante que es encontrar el envase adecuado para tu\u00a0producto, por eso contamos\u00a0con\u00a0una amplia variedad de tama\u00f1os, materiales y accesorios como: tapas pincel, atomizadores, v\u00e1lvulas, tapas planas, disc top, flip top y bombas dosificadoras, que seguramente se adaptar\u00e1n a tu\u00a0presupuesto y a las necesidades de tu\u00a0proyecto.<\/p>\n<p>\u00bfNecesitas un envase especial? Contamos con un\u00a0servicio personalizado para el dise\u00f1o, fabricaci\u00f3n y acabado del envase que necesitas, y que te\u00a0permitir\u00e1 brindar a tus\u00a0clientes una experiencia inolvidable.<\/p>\n<p>\t<a href=\"tel:53676267\" target=\"_self\" ><\/a><\/p>\n<p><a href=\"tel:53676267\">01 (55) 5367\u00a06267<\/a><\/p>\n<p>\t<a href=\"mailto:info@envasesclarian.com\" target=\"_self\" ><\/a><\/p>\n<p><a href=\"mailto:info@envasesclarian.com\">info@envasesclarian.com<\/a><\/p>\n<p>\t<a href=\"#contactForm\" target=\"_self\" ><\/a><\/p>\n<p><a href=\"#contactForm\">Escr\u00edbenos<\/a><\/p>\n<h2>\n\t\t\u00bfC\u00f3mo funciona?<br \/>\n\t<\/h2>\n<p>En <strong>Envases Clarian <\/strong>te\u00a0acompa\u00f1amos en todas las etapas para el dise\u00f1o, producci\u00f3n y comercializaci\u00f3n de tu\u00a0producto; brind\u00e1ndote las opciones que mejor se adapten a tus\u00a0<strong>necesidades<\/strong> y <strong>presupuesto<\/strong>.<\/p>\n<p>\t\t\t\t<img src=\"http:\/\/envasesclarian.com\/clarian\/wp-content\/uploads\/2016\/11\/1-boceto-200x300.png\" alt=\"1-boceto\" itemprop=\"image\" title=\"1-boceto\" onerror=\"this.style.display='none'\"  \/><\/p>\n<h2>1.\u00a0Prototipo<\/h2>\n<p>Te\u00a0asesoramos en el dise\u00f1o del envase adecuado para presentar y comercializar tu\u00a0producto; sugerimos materiales, colores, dise\u00f1os y todo lo necesario para darle excelente presentaci\u00f3n y m\u00e1xima funcionalidad a tu\u00a0producto.<\/p>\n<p>\t\t\t\t<img src=\"http:\/\/envasesclarian.com\/clarian\/wp-content\/uploads\/2016\/11\/2-fabricado_b-200x300.png\" alt=\"2-fabricado_b\" itemprop=\"image\" title=\"2-fabricado_b\" onerror=\"this.style.display='none'\"  \/><\/p>\n<h2>2.\u00a0Fabricaci\u00f3n<\/h2>\n<p>Contamos con un amplio cat\u00e1logo para brindarte la mejor soluci\u00f3n\u00a0en envasado. Tambi\u00e9n\u00a0desarrollamos y fabricamos envases con caracter\u00edsticas espec\u00edficas, a medida, hechos especialmente para tu\u00a0producto.<\/p>\n<p>\t\t\t\t<img src=\"http:\/\/envasesclarian.com\/clarian\/wp-content\/uploads\/2016\/11\/3-final-200x300.png\" alt=\"3-final\" itemprop=\"image\" title=\"3-final\" onerror=\"this.style.display='none'\"  \/><\/p>\n<h2>3.\u00a0Acabados<\/h2>\n<p>Personalizamos tu\u00a0producto d\u00e1ndole un aspecto atractivo, funcional y de f\u00e1cil comercializaci\u00f3n. Ofrecemos: envasado, etiquetado, decorado, tampograf\u00eda, serigraf\u00eda, pintado en botellas de vidrio y PET\u00a0y mucho m\u00e1s, as\u00ed como asesor\u00eda para la distribuci\u00f3n de tus\u00a0productos.<\/p>\n<p>\t\t\t\t<img src=\"http:\/\/envasesclarian.com\/clarian\/wp-content\/uploads\/2016\/11\/botellitasMiniLento2.gif\" alt=\"botellitasMiniLento2\" itemprop=\"image\" title=\"botellitasMiniLento2\" onerror=\"this.style.display='none'\"  \/><\/p>\n<h3>\n\t\tUn buen envase es la mejor carta de presentaci\u00f3n para tu producto<br \/>\n\t<\/h3>\n<h3>\n\t\t\t\tPreguntas frecuentes<br \/>\n\t\t\t<\/h3>\n<h5>\u00bfQu\u00e9 materiales manejan?<\/h5>\n<p>Contamos con una amplia variedad de envases fabricados en vidrio, PET, polietileno y aluminio, as\u00ed como todo tipo de tapas. Si tu\u00a0proyecto lo requiere podemos incorporar otros materiales que se adapten a tus\u00a0necesidades.\u00a0<\/p>\n<p>\u00a0<\/p>\n<h5>\u00bfA partir de cu\u00e1ntas unidades puedo comprar?<\/h5>\n<p>Todos los envases se venden por caja, la compra m\u00ednima es de una caja. La cantidad de envases que contiene depender\u00e1 del tama\u00f1o de los mismos.<\/p>\n<h5>\u00bfCu\u00e1les son los tiempos de entrega?<\/h5>\n<p>Los tiempos regulares de entrega son a partir de una semana en cualquiera de nuestros m\u00e1s de 1,500 productos de linea.<\/p>\n<h5>\u00bfCuentan con sistema de env\u00edo?<\/h5>\n<p>Embarcamos tus pedidos a nivel Nacional e Internacional en la empresa de tu preferencia.<\/p>\n<h5>\u00bfFabrican envases personalizados?<\/h5>\n<p>S\u00ed, adem\u00e1s del amplio stock que manejamos, ofrecemos el servicio de fabricaci\u00f3n personalizada, que se adapta a las caracter\u00edsticas espec\u00edficas de tu\u00a0proyecto. Adem\u00e1s contamos con decorados en serigraf\u00eda, tampograf\u00eda, hotstamping, difuminados, fondeado, entre otros.<\/p>\n<h5>\u00bfC\u00f3mo puedo hacerles llegar mi proyecto?<\/h5>\n<p>Puedes contactarnos a trav\u00e9s del formulario de esta p\u00e1gina, al correo info@envasesclarian.com o al tel\u00e9fono 0155 5367 6267\u00a0para programar una cita. Es muy importante para nosotros conocer a fondo tu\u00a0proyecto y poder as\u00ed brindarte la mejor opci\u00f3n.<\/p>\n<h1>\n\t\tENVASES CLARIAN<br \/>\n\t<\/h1>\n<h1>\n\t\t<a href=\"tel:53676267\" title=\"Ll\u00e1manos hoy 0155 5367 6267\" target=\"_self\"><br \/>\n\t\tLl\u00e1manos hoy 0155 5367 6267<br \/>\n\t\t<\/a><br \/>\n\t<\/h1>\n<h2>\n\t\tContacto<br \/>\n\t<\/h2>\n<p>Para\u00a0nosotros\u00a0es muy importante <strong>conocer a fondo tu proyecto<\/strong> y as\u00ed poder brindarte las mejores opciones de acuerdo a tus necesidades.<\/p>\n<p>Cont\u00e1ctanos ahora y conoce todas las opciones que tenemos para ti\u00a0y tu negocio.<\/p>\n<p>\t\t\t\t<a href=\"https:\/\/web.facebook.com\/envases.clarian26?fref=ts\" target=\"_blank\" rel=\"noopener\"  itemprop=\"url\"><br \/>\n\t\t\t\t<img src=\"http:\/\/envasesclarian.com\/clarian\/wp-content\/uploads\/2016\/11\/fb-art-1.png\" alt=\"fb-art\" itemprop=\"image\" title=\"fb-art\" onerror=\"this.style.display='none'\"  \/><br \/>\n\t\t\t\t<\/a><\/p>\n","protected":false},"excerpt":{"rendered":"<p>ENVASES CLARIAN LA MEJOR SOLUCI\u00d3N PARA TUPRODUCTONEGOCIO EMPRESAMARCA Envases Clarian LA MEJOR CARTA DE PRESENTACI\u00d3N&#8230;<\/p>\n","protected":false},"author":1,"featured_media":0,"parent":0,"menu_order":0,"comment_status":"closed","ping_status":"closed","template":"full-width-page.php","meta":{"spay_email":""},"jetpack_sharing_enabled":true,"jetpack_shortlink":"https:\/\/wp.me\/P85SoF-y","_links":{"self":[{"href":"https:\/\/envasesclarian.com\/clarian\/wp-json\/wp\/v2\/pages\/34"}],"collection":[{"href":"https:\/\/envasesclarian.com\/clarian\/wp-json\/wp\/v2\/pages"}],"about":[{"href":"https:\/\/envasesclarian.com\/clarian\/wp-json\/wp\/v2\/types\/page"}],"author":[{"embeddable":true,"href":"https:\/\/envasesclarian.com\/clarian\/wp-json\/wp\/v2\/users\/1"}],"replies":[{"embeddable":true,"href":"https:\/\/envasesclarian.com\/clarian\/wp-json\/wp\/v2\/comments?post=34"}],"version-history":[{"count":73,"href":"https:\/\/envasesclarian.com\/clarian\/wp-json\/wp\/v2\/pages\/34\/revisions"}],"predecessor-version":[{"id":180,"href":"https:\/\/envasesclarian.com\/clarian\/wp-json\/wp\/v2\/pages\/34\/revisions\/180"}],"wp:attachment":[{"href":"https:\/\/envasesclarian.com\/clarian\/wp-json\/wp\/v2\/media?parent=34"}],"curies":[{"name":"wp","href":"https:\/\/api.w.org\/{rel}","templated":true}]}}